{"id":574,"date":"2025-03-17T21:52:16","date_gmt":"2025-03-17T21:52:16","guid":{"rendered":"https:\/\/axc.exb.mybluehost.me\/website_0ce99b8e\/about-us\/"},"modified":"2025-11-16T23:01:55","modified_gmt":"2025-11-16T23:01:55","slug":"about-us","status":"publish","type":"page","link":"https:\/\/njoylocation.com\/fr\/about-us\/","title":{"rendered":"\u00c0 propos"},"content":{"rendered":"<div data-elementor-type=\"wp-page\" data-elementor-id=\"574\" class=\"elementor elementor-574\" data-elementor-post-type=\"page\">\n\t\t\t\t<div class=\"elementor-element elementor-element-cfd4cfe e-flex e-con-boxed e-con e-parent\" data-id=\"cfd4cfe\" data-element_type=\"container\" data-e-type=\"container\" data-settings=\"{&quot;background_background&quot;:&quot;classic&quot;}\">\n\t\t\t\t\t<div class=\"e-con-inner\">\n\t\t<div class=\"elementor-element elementor-element-4594d91 e-con-full e-flex e-con e-child\" data-id=\"4594d91\" data-element_type=\"container\" data-e-type=\"container\">\n\t\t<div class=\"elementor-element elementor-element-ebc0b8c e-con-full e-flex e-con e-child\" data-id=\"ebc0b8c\" data-element_type=\"container\" data-e-type=\"container\">\n\t\t<div class=\"elementor-element elementor-element-b672023 e-con-full e-flex e-con e-child\" data-id=\"b672023\" data-element_type=\"container\" data-e-type=\"container\">\n\t\t\t\t<div class=\"elementor-element elementor-element-742d4a5 elementor-widget elementor-widget-heading\" data-id=\"742d4a5\" data-element_type=\"widget\" data-e-type=\"widget\" data-widget_type=\"heading.default\">\n\t\t\t\t<div class=\"elementor-widget-container\">\n\t\t\t\t\t<h1 class=\"elementor-heading-title elementor-size-default\">Notre \u00e9quipe<\/h1>\t\t\t\t<\/div>\n\t\t\t\t<\/div>\n\t\t\t\t<\/div>\n\t\t\t\t<\/div>\n\t\t<div class=\"elementor-element elementor-element-a5c7fec e-con-full e-flex e-con e-child\" data-id=\"a5c7fec\" data-element_type=\"container\" data-e-type=\"container\">\n\t\t<div class=\"elementor-element elementor-element-fa143a5 e-con-full e-flex e-con e-child\" data-id=\"fa143a5\" data-element_type=\"container\" data-e-type=\"container\">\n\t\t\t\t<div class=\"elementor-element elementor-element-6e73ce6 elementor-widget elementor-widget-heading\" data-id=\"6e73ce6\" data-element_type=\"widget\" data-e-type=\"widget\" data-widget_type=\"heading.default\">\n\t\t\t\t<div class=\"elementor-widget-container\">\n\t\t\t\t\t<h3 class=\"elementor-heading-title elementor-size-default\">votre expert en location, d\u00e9coration et photobooth pour tous vos \u00e9v\u00e9nements!<\/h3>\t\t\t\t<\/div>\n\t\t\t\t<\/div>\n\t\t\t\t<\/div>\n\t\t\t\t<\/div>\n\t\t\t\t<\/div>\n\t\t\t\t\t<\/div>\n\t\t\t\t<\/div>\n\t\t<div class=\"elementor-element elementor-element-7bedb9c e-flex e-con-boxed e-con e-parent\" data-id=\"7bedb9c\" data-element_type=\"container\" data-e-type=\"container\" data-settings=\"{&quot;background_background&quot;:&quot;classic&quot;}\">\n\t\t\t\t\t<div class=\"e-con-inner\">\n\t\t<div class=\"elementor-element elementor-element-428a473 e-con-full e-flex e-con e-child\" data-id=\"428a473\" data-element_type=\"container\" data-e-type=\"container\">\n\t\t<div class=\"elementor-element elementor-element-a6cc493 e-con-full e-flex e-con e-child\" data-id=\"a6cc493\" data-element_type=\"container\" data-e-type=\"container\">\n\t\t<div class=\"elementor-element elementor-element-51a7db6 e-con-full e-flex e-con e-child\" data-id=\"51a7db6\" data-element_type=\"container\" data-e-type=\"container\">\n\t\t\t\t<div class=\"elementor-element elementor-element-197123d elementor-widget elementor-widget-heading\" data-id=\"197123d\" data-element_type=\"widget\" data-e-type=\"widget\" data-widget_type=\"heading.default\">\n\t\t\t\t<div class=\"elementor-widget-container\">\n\t\t\t\t\t<h6 class=\"elementor-heading-title elementor-size-default\">Bienvenue chez N.Joy Location<\/h6>\t\t\t\t<\/div>\n\t\t\t\t<\/div>\n\t\t\t\t<div class=\"elementor-element elementor-element-e191a35 elementor-widget__width-initial elementor-widget elementor-widget-heading\" data-id=\"e191a35\" data-element_type=\"widget\" data-e-type=\"widget\" data-widget_type=\"heading.default\">\n\t\t\t\t<div class=\"elementor-widget-container\">\n\t\t\t\t\t<h2 class=\"elementor-heading-title elementor-size-default\">votre expert en location, d\u00e9coration et photobooth<\/h2>\t\t\t\t<\/div>\n\t\t\t\t<\/div>\n\t\t\t\t<div class=\"elementor-element elementor-element-aa0fcca elementor-widget__width-initial elementor-widget elementor-widget-text-editor\" data-id=\"aa0fcca\" data-element_type=\"widget\" data-e-type=\"widget\" data-widget_type=\"text-editor.default\">\n\t\t\t\t<div class=\"elementor-widget-container\">\n\t\t\t\t\t\t\t\t\t<p>Bienvenue chez N.Joy Location, votre expert en location, d\u00e9coration et photobooth pour tous vos \u00e9v\u00e9nements : anniversaires, mariages, f\u00eates d\u2019entreprise, et plus.<\/p>\t\t\t\t\t\t\t\t<\/div>\n\t\t\t\t<\/div>\n\t\t\t\t<div class=\"elementor-element elementor-element-db85c37 elementor-widget__width-initial elementor-widget elementor-widget-text-editor\" data-id=\"db85c37\" data-element_type=\"widget\" data-e-type=\"widget\" data-widget_type=\"text-editor.default\">\n\t\t\t\t<div class=\"elementor-widget-container\">\n\t\t\t\t\t\t\t\t\t<p>Nous transformons vos moments en souvenirs m\u00e9morables gr\u00e2ce \u00e0 nos d\u00e9cors personnalis\u00e9s et \u00e0 notre photobooth moderne et anim\u00e9, id\u00e9al pour capturer les meilleurs instants de votre f\u00eate. Notre \u00e9quipe exp\u00e9riment\u00e9e vous accompagne de la planification \u00e0 la r\u00e9alisation pour un \u00e9v\u00e9nement unique et r\u00e9ussi.<\/p>\t\t\t\t\t\t\t\t<\/div>\n\t\t\t\t<\/div>\n\t\t\t\t<div class=\"elementor-element elementor-element-23eeb8d elementor-widget elementor-widget-text-editor\" data-id=\"23eeb8d\" data-element_type=\"widget\" data-e-type=\"widget\" data-widget_type=\"text-editor.default\">\n\t\t\t\t<div class=\"elementor-widget-container\">\n\t\t\t\t\t\t\t\t\t<p>Contactez-nous pour donner vie \u00e0 vos id\u00e9es et faire de votre f\u00eate un moment exceptionnel avec N.Joy Location !<\/p>\t\t\t\t\t\t\t\t<\/div>\n\t\t\t\t<\/div>\n\t\t\t\t<\/div>\n\t\t<div class=\"elementor-element elementor-element-b978c66 e-con-full e-flex e-con e-child\" data-id=\"b978c66\" data-element_type=\"container\" data-e-type=\"container\">\n\t\t\t\t<div class=\"elementor-element elementor-element-93499a1 elementor-widget__width-initial elementor-widget elementor-widget-image\" data-id=\"93499a1\" data-element_type=\"widget\" data-e-type=\"widget\" data-widget_type=\"image.default\">\n\t\t\t\t<div class=\"elementor-widget-container\">\n\t\t\t\t\t\t\t\t\t\t\t\t\t\t\t<img loading=\"lazy\" decoding=\"async\" width=\"512\" height=\"512\" src=\"https:\/\/njoylocation.com\/wp-content\/uploads\/2025\/03\/cropped-Logo-web.webp\" class=\"attachment-full size-full wp-image-1071\" alt=\"\" srcset=\"https:\/\/njoylocation.com\/wp-content\/uploads\/2025\/03\/cropped-Logo-web.webp 512w, https:\/\/njoylocation.com\/wp-content\/uploads\/2025\/03\/cropped-Logo-web-300x300.webp 300w, https:\/\/njoylocation.com\/wp-content\/uploads\/2025\/03\/cropped-Logo-web-150x150.webp 150w, https:\/\/njoylocation.com\/wp-content\/uploads\/2025\/03\/cropped-Logo-web-100x100.webp 100w, https:\/\/njoylocation.com\/wp-content\/uploads\/2025\/03\/cropped-Logo-web-270x270.webp 270w, https:\/\/njoylocation.com\/wp-content\/uploads\/2025\/03\/cropped-Logo-web-192x192.webp 192w, https:\/\/njoylocation.com\/wp-content\/uploads\/2025\/03\/cropped-Logo-web-180x180.webp 180w, https:\/\/njoylocation.com\/wp-content\/uploads\/2025\/03\/cropped-Logo-web-32x32.webp 32w\" sizes=\"auto, (max-width: 512px) 100vw, 512px\" \/>\t\t\t\t\t\t\t\t\t\t\t\t\t\t\t<\/div>\n\t\t\t\t<\/div>\n\t\t\t\t<\/div>\n\t\t\t\t<\/div>\n\t\t\t\t<\/div>\n\t\t\t\t\t<\/div>\n\t\t\t\t<\/div>\n\t\t<div class=\"elementor-element elementor-element-4743a22 e-flex e-con-boxed e-con e-parent\" data-id=\"4743a22\" data-element_type=\"container\" data-e-type=\"container\">\n\t\t\t\t\t<div class=\"e-con-inner\">\n\t\t<div class=\"elementor-element elementor-element-49e844b e-con-full e-flex e-con e-child\" data-id=\"49e844b\" data-element_type=\"container\" data-e-type=\"container\">\n\t\t\t\t<div class=\"elementor-element elementor-element-51f57cb elementor-widget elementor-widget-image\" data-id=\"51f57cb\" data-element_type=\"widget\" data-e-type=\"widget\" data-widget_type=\"image.default\">\n\t\t\t\t<div class=\"elementor-widget-container\">\n\t\t\t\t\t\t\t\t\t\t\t\t\t\t\t<img loading=\"lazy\" decoding=\"async\" width=\"671\" height=\"1080\" src=\"https:\/\/njoylocation.com\/wp-content\/uploads\/2025\/09\/njoy-location-planning.png\" class=\"attachment-full size-full wp-image-1400\" alt=\"\" srcset=\"https:\/\/njoylocation.com\/wp-content\/uploads\/2025\/09\/njoy-location-planning.png 671w, https:\/\/njoylocation.com\/wp-content\/uploads\/2025\/09\/njoy-location-planning-186x300.png 186w, https:\/\/njoylocation.com\/wp-content\/uploads\/2025\/09\/njoy-location-planning-636x1024.png 636w, https:\/\/njoylocation.com\/wp-content\/uploads\/2025\/09\/njoy-location-planning-7x12.png 7w, https:\/\/njoylocation.com\/wp-content\/uploads\/2025\/09\/njoy-location-planning-600x966.png 600w\" sizes=\"auto, (max-width: 671px) 100vw, 671px\" \/>\t\t\t\t\t\t\t\t\t\t\t\t\t\t\t<\/div>\n\t\t\t\t<\/div>\n\t\t\t\t<\/div>\n\t\t<div class=\"elementor-element elementor-element-88379d2 e-con-full e-flex e-con e-child\" data-id=\"88379d2\" data-element_type=\"container\" data-e-type=\"container\">\n\t\t<div class=\"elementor-element elementor-element-39871dc e-con-full e-flex e-con e-child\" data-id=\"39871dc\" data-element_type=\"container\" data-e-type=\"container\">\n\t\t<div class=\"elementor-element elementor-element-7b2c0f9 e-con-full e-flex e-con e-child\" data-id=\"7b2c0f9\" data-element_type=\"container\" data-e-type=\"container\">\n\t\t\t\t<div class=\"elementor-element elementor-element-77e9f26 elementor-widget elementor-widget-heading\" data-id=\"77e9f26\" data-element_type=\"widget\" data-e-type=\"widget\" data-widget_type=\"heading.default\">\n\t\t\t\t<div class=\"elementor-widget-container\">\n\t\t\t\t\t<h6 class=\"elementor-heading-title elementor-size-default\">Notre savoir-faire \u00e0 votre service<\/h6>\t\t\t\t<\/div>\n\t\t\t\t<\/div>\n\t\t\t\t<div class=\"elementor-element elementor-element-9685b33 elementor-widget elementor-widget-heading\" data-id=\"9685b33\" data-element_type=\"widget\" data-e-type=\"widget\" data-widget_type=\"heading.default\">\n\t\t\t\t<div class=\"elementor-widget-container\">\n\t\t\t\t\t<h2 class=\"elementor-heading-title elementor-size-default\">Nous allions passion et professionnalisme pour cr\u00e9er des \u00e9v\u00e9nements qui laissent une impression durable.<\/h2>\t\t\t\t<\/div>\n\t\t\t\t<\/div>\n\t\t\t\t<div class=\"elementor-element elementor-element-63463d0 elementor-widget elementor-widget-text-editor\" data-id=\"63463d0\" data-element_type=\"widget\" data-e-type=\"widget\" data-widget_type=\"text-editor.default\">\n\t\t\t\t<div class=\"elementor-widget-container\">\n\t\t\t\t\t\t\t\t\t<p>Guid\u00e9s par notre expertise, notre souci du d\u00e9tail et notre engagement envers votre vision, nous faisons en sorte que chaque c\u00e9l\u00e9bration soit \u00e0 la fois unique et inoubliable.<\/p>\t\t\t\t\t\t\t\t<\/div>\n\t\t\t\t<\/div>\n\t\t\t\t<\/div>\n\t\t\t\t<\/div>\n\t\t<div class=\"elementor-element elementor-element-407c856 e-con-full e-flex e-con e-child\" data-id=\"407c856\" data-element_type=\"container\" data-e-type=\"container\">\n\t\t<a class=\"elementor-element elementor-element-7d2c3cb e-con-full e-flex e-con e-child\" data-id=\"7d2c3cb\" data-element_type=\"container\" data-e-type=\"container\" href=\"#reco\">\n\t\t\t\t<div class=\"elementor-element elementor-element-31bfdc1 elementor-widget elementor-widget-heading\" data-id=\"31bfdc1\" data-element_type=\"widget\" data-e-type=\"widget\" data-widget_type=\"heading.default\">\n\t\t\t\t<div class=\"elementor-widget-container\">\n\t\t\t\t\t<h2 class=\"elementor-heading-title elementor-size-default\">1.<\/h2>\t\t\t\t<\/div>\n\t\t\t\t<\/div>\n\t\t\t\t<div class=\"elementor-element elementor-element-e1362b5 elementor-widget elementor-widget-heading\" data-id=\"e1362b5\" data-element_type=\"widget\" data-e-type=\"widget\" data-widget_type=\"heading.default\">\n\t\t\t\t<div class=\"elementor-widget-container\">\n\t\t\t\t\t<h5 class=\"elementor-heading-title elementor-size-default translation-block\">Expertise <br>reconnue<\/h5>\t\t\t\t<\/div>\n\t\t\t\t<\/div>\n\t\t\t\t<div class=\"elementor-element elementor-element-e2c2314 elementor-widget__width-initial elementor-widget elementor-widget-text-editor\" data-id=\"e2c2314\" data-element_type=\"widget\" data-e-type=\"widget\" data-widget_type=\"text-editor.default\">\n\t\t\t\t<div class=\"elementor-widget-container\">\n\t\t\t\t\t\t\t\t\t<p>Forts d\u2019une exp\u00e9rience solide, nous faisons de chaque \u00e9v\u00e9nement un moment unique.<\/p>\t\t\t\t\t\t\t\t<\/div>\n\t\t\t\t<\/div>\n\t\t\t\t<\/a>\n\t\t<a class=\"elementor-element elementor-element-5981031 e-con-full e-flex e-con e-child\" data-id=\"5981031\" data-element_type=\"container\" data-e-type=\"container\" href=\"#att\">\n\t\t\t\t<div class=\"elementor-element elementor-element-d05b64d elementor-widget elementor-widget-heading\" data-id=\"d05b64d\" data-element_type=\"widget\" data-e-type=\"widget\" data-widget_type=\"heading.default\">\n\t\t\t\t<div class=\"elementor-widget-container\">\n\t\t\t\t\t<h2 class=\"elementor-heading-title elementor-size-default\">2.<\/h2>\t\t\t\t<\/div>\n\t\t\t\t<\/div>\n\t\t\t\t<div class=\"elementor-element elementor-element-6cc645c elementor-widget elementor-widget-heading\" data-id=\"6cc645c\" data-element_type=\"widget\" data-e-type=\"widget\" data-widget_type=\"heading.default\">\n\t\t\t\t<div class=\"elementor-widget-container\">\n\t\t\t\t\t<h5 class=\"elementor-heading-title elementor-size-default\">\u00c0 votre <br>\u00e9coute <br>You<\/h5>\t\t\t\t<\/div>\n\t\t\t\t<\/div>\n\t\t\t\t<div class=\"elementor-element elementor-element-5485f3f elementor-widget__width-initial elementor-widget elementor-widget-text-editor\" data-id=\"5485f3f\" data-element_type=\"widget\" data-e-type=\"widget\" data-widget_type=\"text-editor.default\">\n\t\t\t\t<div class=\"elementor-widget-container\">\n\t\t\t\t\t\t\t\t\t<p>Vos envies sont notre priorit\u00e9 pour cr\u00e9er un \u00e9v\u00e9nement 100 % personnalis\u00e9.<\/p>\t\t\t\t\t\t\t\t<\/div>\n\t\t\t\t<\/div>\n\t\t\t\t<\/a>\n\t\t<div class=\"elementor-element elementor-element-8805d26 e-con-full e-flex e-con e-child\" data-id=\"8805d26\" data-element_type=\"container\" data-e-type=\"container\">\n\t\t\t\t<div class=\"elementor-element elementor-element-d6bb2c6 elementor-widget elementor-widget-heading\" data-id=\"d6bb2c6\" data-element_type=\"widget\" data-e-type=\"widget\" data-widget_type=\"heading.default\">\n\t\t\t\t<div class=\"elementor-widget-container\">\n\t\t\t\t\t<h2 class=\"elementor-heading-title elementor-size-default\">3.<\/h2>\t\t\t\t<\/div>\n\t\t\t\t<\/div>\n\t\t\t\t<div class=\"elementor-element elementor-element-9a0e898 elementor-widget elementor-widget-heading\" data-id=\"9a0e898\" data-element_type=\"widget\" data-e-type=\"widget\" data-widget_type=\"heading.default\">\n\t\t\t\t<div class=\"elementor-widget-container\">\n\t\t\t\t\t<h5 class=\"elementor-heading-title elementor-size-default translation-block\">Qualit\u00e9 &amp; <br>fiabilit\u00e9<\/h5>\t\t\t\t<\/div>\n\t\t\t\t<\/div>\n\t\t\t\t<div class=\"elementor-element elementor-element-6c6fe15 elementor-widget__width-initial elementor-widget elementor-widget-text-editor\" data-id=\"6c6fe15\" data-element_type=\"widget\" data-e-type=\"widget\" data-widget_type=\"text-editor.default\">\n\t\t\t\t<div class=\"elementor-widget-container\">\n\t\t\t\t\t\t\t\t\t<p>Mat\u00e9riel haut de gamme et prestations soign\u00e9es, pour que tout soit parfait.<\/p>\t\t\t\t\t\t\t\t<\/div>\n\t\t\t\t<\/div>\n\t\t\t\t<\/div>\n\t\t<div class=\"elementor-element elementor-element-9395e7b e-con-full e-flex e-con e-child\" data-id=\"9395e7b\" data-element_type=\"container\" data-e-type=\"container\">\n\t\t\t\t<div class=\"elementor-element elementor-element-b3b05d7 elementor-widget elementor-widget-heading\" data-id=\"b3b05d7\" data-element_type=\"widget\" data-e-type=\"widget\" data-widget_type=\"heading.default\">\n\t\t\t\t<div class=\"elementor-widget-container\">\n\t\t\t\t\t<h2 class=\"elementor-heading-title elementor-size-default\">4.<\/h2>\t\t\t\t<\/div>\n\t\t\t\t<\/div>\n\t\t\t\t<div class=\"elementor-element elementor-element-ca548fd elementor-widget elementor-widget-heading\" data-id=\"ca548fd\" data-element_type=\"widget\" data-e-type=\"widget\" data-widget_type=\"heading.default\">\n\t\t\t\t<div class=\"elementor-widget-container\">\n\t\t\t\t\t<h5 class=\"elementor-heading-title elementor-size-default translation-block\">Flexibilit\u00e9 &amp; <br>r\u00e9activit\u00e9<\/h5>\t\t\t\t<\/div>\n\t\t\t\t<\/div>\n\t\t\t\t<div class=\"elementor-element elementor-element-45c981f elementor-widget__width-initial elementor-widget elementor-widget-text-editor\" data-id=\"45c981f\" data-element_type=\"widget\" data-e-type=\"widget\" data-widget_type=\"text-editor.default\">\n\t\t\t\t<div class=\"elementor-widget-container\">\n\t\t\t\t\t\t\t\t\t<p>On anticipe, on s\u2019adapte, pour que votre \u00e9v\u00e9nement soit un succ\u00e8s sans stress.<\/p>\t\t\t\t\t\t\t\t<\/div>\n\t\t\t\t<\/div>\n\t\t\t\t<\/div>\n\t\t\t\t<\/div>\n\t\t\t\t<\/div>\n\t\t\t\t\t<\/div>\n\t\t\t\t<\/div>\n\t\t<div class=\"elementor-element elementor-element-4b825df e-flex e-con-boxed e-con e-parent\" data-id=\"4b825df\" data-element_type=\"container\" data-e-type=\"container\" data-settings=\"{&quot;background_background&quot;:&quot;classic&quot;}\">\n\t\t\t\t\t<div class=\"e-con-inner\">\n\t\t<div class=\"elementor-element elementor-element-b8dbd35 e-con-full e-flex e-con e-child\" data-id=\"b8dbd35\" data-element_type=\"container\" data-e-type=\"container\">\n\t\t<div class=\"elementor-element elementor-element-6a4b933 e-con-full e-flex e-con e-child\" data-id=\"6a4b933\" data-element_type=\"container\" data-e-type=\"container\">\n\t\t<div class=\"elementor-element elementor-element-f9439a5 e-con-full e-flex e-con e-child\" data-id=\"f9439a5\" data-element_type=\"container\" data-e-type=\"container\">\n\t\t\t\t<div class=\"elementor-element elementor-element-1e6f131 elementor-widget elementor-widget-heading\" data-id=\"1e6f131\" data-element_type=\"widget\" data-e-type=\"widget\" data-widget_type=\"heading.default\">\n\t\t\t\t<div class=\"elementor-widget-container\">\n\t\t\t\t\t<h2 class=\"elementor-heading-title elementor-size-default\">Donnez vie \u00e0 votre imagination<\/h2>\t\t\t\t<\/div>\n\t\t\t\t<\/div>\n\t\t\t\t<div class=\"elementor-element elementor-element-7fd38f3 elementor-widget elementor-widget-heading\" data-id=\"7fd38f3\" data-element_type=\"widget\" data-e-type=\"widget\" data-widget_type=\"heading.default\">\n\t\t\t\t<div class=\"elementor-widget-container\">\n\t\t\t\t\t<h3 class=\"elementor-heading-title elementor-size-default\">Que ce soit une soir\u00e9e, un mariage, une nuit de casino, un anniversaire ou tout autre \u00e9v\u00e9nement que vous imaginez !<\/h3>\t\t\t\t<\/div>\n\t\t\t\t<\/div>\n\t\t\t\t<\/div>\n\t\t\t\t<\/div>\n\t\t<div class=\"elementor-element elementor-element-a197418 e-flex e-con-boxed e-con e-child\" data-id=\"a197418\" data-element_type=\"container\" data-e-type=\"container\">\n\t\t\t\t\t<div class=\"e-con-inner\">\n\t\t<div class=\"elementor-element elementor-element-2bd23fe e-con-full e-flex e-con e-child\" data-id=\"2bd23fe\" data-element_type=\"container\" data-e-type=\"container\">\n\t\t\t\t<div class=\"elementor-element elementor-element-2a3d1f4 elementor-mobile-align-center elementor-widget elementor-widget-button\" data-id=\"2a3d1f4\" data-element_type=\"widget\" data-e-type=\"widget\" data-widget_type=\"button.default\">\n\t\t\t\t<div class=\"elementor-widget-container\">\n\t\t\t\t\t\t\t\t\t<div class=\"elementor-button-wrapper\">\n\t\t\t\t\t<a class=\"elementor-button elementor-button-link elementor-size-sm\" href=\"https:\/\/njoylocation.com\/fr\/contact\/\">\n\t\t\t\t\t\t<span class=\"elementor-button-content-wrapper\">\n\t\t\t\t\t\t\t\t\t<span class=\"elementor-button-text\">Contactez-nous<\/span>\n\t\t\t\t\t<\/span>\n\t\t\t\t\t<\/a>\n\t\t\t\t<\/div>\n\t\t\t\t\t\t\t\t<\/div>\n\t\t\t\t<\/div>\n\t\t\t\t<\/div>\n\t\t<div class=\"elementor-element elementor-element-2f6b6c5 e-con-full e-flex e-con e-child\" data-id=\"2f6b6c5\" data-element_type=\"container\" data-e-type=\"container\">\n\t\t\t\t<div class=\"elementor-element elementor-element-b9459b7 elementor-widget elementor-widget-heading\" data-id=\"b9459b7\" data-element_type=\"widget\" data-e-type=\"widget\" data-widget_type=\"heading.default\">\n\t\t\t\t<div class=\"elementor-widget-container\">\n\t\t\t\t\t<h6 class=\"elementor-heading-title elementor-size-default\">Ou appelez-nous:<\/h6>\t\t\t\t<\/div>\n\t\t\t\t<\/div>\n\t\t\t\t<div class=\"elementor-element elementor-element-ccc3aeb elementor-widget elementor-widget-heading\" data-id=\"ccc3aeb\" data-element_type=\"widget\" data-e-type=\"widget\" data-widget_type=\"heading.default\">\n\t\t\t\t<div class=\"elementor-widget-container\">\n\t\t\t\t\t<h3 class=\"elementor-heading-title elementor-size-default\">438-833-6482<\/h3>\t\t\t\t<\/div>\n\t\t\t\t<\/div>\n\t\t\t\t<\/div>\n\t\t\t\t\t<\/div>\n\t\t\t\t<\/div>\n\t\t\t\t<\/div>\n\t\t\t\t\t<\/div>\n\t\t\t\t<\/div>\n\t\t\t\t<\/div>","protected":false},"excerpt":{"rendered":"<p>Our team Your experts in rentals, d\u00e9cor and photobooth services for every occasion! Welcome to N.Joy Location, Your expert in rentals, d\u00e9cor, and photobooth services Welcome to N.Joy Location, your expert in rentals, d\u00e9cor, and photobooth services for all your events, birthdays, weddings, corporate parties, and more. We turn your moments into lasting memories with [&hellip;]<\/p>\n","protected":false},"author":1,"featured_media":0,"parent":0,"menu_order":0,"comment_status":"closed","ping_status":"closed","template":"","meta":{"_acf_changed":false,"nf_dc_page":"","site-sidebar-layout":"no-sidebar","site-content-layout":"page-builder","ast-site-content-layout":"full-width-container","site-content-style":"unboxed","site-sidebar-style":"unboxed","ast-global-header-display":"","ast-banner-title-visibility":"","ast-main-header-display":"","ast-hfb-above-header-display":"","ast-hfb-below-header-display":"","ast-hfb-mobile-header-display":"","site-post-title":"disabled","ast-breadcrumbs-content":"disabled","ast-featured-img":"disabled","footer-sml-layout":"","ast-disable-related-posts":"","theme-transparent-header-meta":"enabled","adv-header-id-meta":"","stick-header-meta":"","header-above-stick-meta":"","header-main-stick-meta":"","header-below-stick-meta":"","astra-migrate-meta-layouts":"set","ast-page-background-enabled":"default","ast-page-background-meta":{"desktop":{"background-color":"","background-image":"","background-repeat":"repeat","background-position":"center center","background-size":"auto","background-attachment":"scroll","background-type":"","background-media":"","overlay-type":"","overlay-color":"","overlay-opacity":"","overlay-gradient":""},"tablet":{"background-color":"","background-image":"","background-repeat":"repeat","background-position":"center center","background-size":"auto","background-attachment":"scroll","background-type":"","background-media":"","overlay-type":"","overlay-color":"","overlay-opacity":"","overlay-gradient":""},"mobile":{"background-color":"","background-image":"","background-repeat":"repeat","background-position":"center center","background-size":"auto","background-attachment":"scroll","background-type":"","background-media":"","overlay-type":"","overlay-color":"","overlay-opacity":"","overlay-gradient":""}},"ast-content-background-meta":{"desktop":{"background-color":"var(--ast-global-color-5)","background-image":"","background-repeat":"repeat","background-position":"center center","background-size":"auto","background-attachment":"scroll","background-type":"","background-media":"","overlay-type":"","overlay-color":"","overlay-opacity":"","overlay-gradient":""},"tablet":{"background-color":"var(--ast-global-color-5)","background-image":"","background-repeat":"repeat","background-position":"center center","background-size":"auto","background-attachment":"scroll","background-type":"","background-media":"","overlay-type":"","overlay-color":"","overlay-opacity":"","overlay-gradient":""},"mobile":{"background-color":"var(--ast-global-color-5)","background-image":"","background-repeat":"repeat","background-position":"center center","background-size":"auto","background-attachment":"scroll","background-type":"","background-media":"","overlay-type":"","overlay-color":"","overlay-opacity":"","overlay-gradient":""}},"footnotes":""},"class_list":["post-574","page","type-page","status-publish","hentry"],"acf":[],"_links":{"self":[{"href":"https:\/\/njoylocation.com\/fr\/wp-json\/wp\/v2\/pages\/574","targetHints":{"allow":["GET"]}}],"collection":[{"href":"https:\/\/njoylocation.com\/fr\/wp-json\/wp\/v2\/pages"}],"about":[{"href":"https:\/\/njoylocation.com\/fr\/wp-json\/wp\/v2\/types\/page"}],"author":[{"embeddable":true,"href":"https:\/\/njoylocation.com\/fr\/wp-json\/wp\/v2\/users\/1"}],"replies":[{"embeddable":true,"href":"https:\/\/njoylocation.com\/fr\/wp-json\/wp\/v2\/comments?post=574"}],"version-history":[{"count":16,"href":"https:\/\/njoylocation.com\/fr\/wp-json\/wp\/v2\/pages\/574\/revisions"}],"predecessor-version":[{"id":1854,"href":"https:\/\/njoylocation.com\/fr\/wp-json\/wp\/v2\/pages\/574\/revisions\/1854"}],"wp:attachment":[{"href":"https:\/\/njoylocation.com\/fr\/wp-json\/wp\/v2\/media?parent=574"}],"curies":[{"name":"wp","href":"https:\/\/api.w.org\/{rel}","templated":true}]}}