{"id":1909,"date":"2026-01-22T06:53:53","date_gmt":"2026-01-22T06:53:53","guid":{"rendered":"https:\/\/njoylocation.com\/?post_type=product&#038;p=1909"},"modified":"2026-01-22T06:55:44","modified_gmt":"2026-01-22T06:55:44","slug":"barriere-evenementielle","status":"publish","type":"product","link":"https:\/\/njoylocation.com\/fr\/produit\/barriere-evenementielle\/","title":{"rendered":"Barri\u00e8re \u00c9v\u00e9nementielle Noir"},"content":{"rendered":"<p>Poteaux de d\u00e9limitation \u00e9l\u00e9gants avec cordons Noir<\/p>","protected":false},"excerpt":{"rendered":"<p>Id\u00e9als pour structurer et s\u00e9curiser vos espaces \u00e9v\u00e9nementiels.<\/p>\n<p>Parfaits pour cr\u00e9er une entr\u00e9e VIP, d\u00e9limiter une zone photo, un photobooth ou un espace r\u00e9serv\u00e9.<\/p>","protected":false},"featured_media":1903,"comment_status":"open","ping_status":"closed","template":"","meta":{"_acf_changed":false,"nf_dc_page":"","site-sidebar-layout":"default","site-content-layout":"","ast-site-content-layout":"default","site-content-style":"default","site-sidebar-style":"default","ast-global-header-display":"","ast-banner-title-visibility":"","ast-main-header-display":"","ast-hfb-above-header-display":"","ast-hfb-below-header-display":"","ast-hfb-mobile-header-display":"","site-post-title":"","ast-breadcrumbs-content":"","ast-featured-img":"","footer-sml-layout":"","ast-disable-related-posts":"","theme-transparent-header-meta":"default","adv-header-id-meta":"","stick-header-meta":"","header-above-stick-meta":"","header-main-stick-meta":"","header-below-stick-meta":"","astra-migrate-meta-layouts":"set","ast-page-background-enabled":"default","ast-page-background-meta":{"desktop":{"background-color":"","background-image":"","background-repeat":"repeat","background-position":"center center","background-size":"auto","background-attachment":"scroll","background-type":"","background-media":"","overlay-type":"","overlay-color":"","overlay-opacity":"","overlay-gradient":""},"tablet":{"background-color":"","background-image":"","background-repeat":"repeat","background-position":"center center","background-size":"auto","background-attachment":"scroll","background-type":"","background-media":"","overlay-type":"","overlay-color":"","overlay-opacity":"","overlay-gradient":""},"mobile":{"background-color":"","background-image":"","background-repeat":"repeat","background-position":"center center","background-size":"auto","background-attachment":"scroll","background-type":"","background-media":"","overlay-type":"","overlay-color":"","overlay-opacity":"","overlay-gradient":""}},"ast-content-background-meta":{"desktop":{"background-color":"var(--ast-global-color-5)","background-image":"","background-repeat":"repeat","background-position":"center center","background-size":"auto","background-attachment":"scroll","background-type":"","background-media":"","overlay-type":"","overlay-color":"","overlay-opacity":"","overlay-gradient":""},"tablet":{"background-color":"var(--ast-global-color-5)","background-image":"","background-repeat":"repeat","background-position":"center center","background-size":"auto","background-attachment":"scroll","background-type":"","background-media":"","overlay-type":"","overlay-color":"","overlay-opacity":"","overlay-gradient":""},"mobile":{"background-color":"var(--ast-global-color-5)","background-image":"","background-repeat":"repeat","background-position":"center center","background-size":"auto","background-attachment":"scroll","background-type":"","background-media":"","overlay-type":"","overlay-color":"","overlay-opacity":"","overlay-gradient":""}}},"product_brand":[],"product_cat":[211,106,212,117,91],"product_tag":[],"class_list":{"0":"post-1909","1":"product","2":"type-product","3":"status-publish","4":"has-post-thumbnail","6":"product_cat-360-photobooth","7":"product_cat-equipements-dexposition","8":"product_cat-photobooth-accessories","9":"product_cat-photobooths","10":"product_cat-tapis-produits-de-scenes","11":"desktop-align-left","12":"tablet-align-left","13":"mobile-align-left","15":"first","16":"instock","17":"shipping-taxable","18":"purchasable","19":"product-type-simple"},"acf":[],"_links":{"self":[{"href":"https:\/\/njoylocation.com\/fr\/wp-json\/wp\/v2\/product\/1909","targetHints":{"allow":["GET"]}}],"collection":[{"href":"https:\/\/njoylocation.com\/fr\/wp-json\/wp\/v2\/product"}],"about":[{"href":"https:\/\/njoylocation.com\/fr\/wp-json\/wp\/v2\/types\/product"}],"replies":[{"embeddable":true,"href":"https:\/\/njoylocation.com\/fr\/wp-json\/wp\/v2\/comments?post=1909"}],"wp:featuredmedia":[{"embeddable":true,"href":"https:\/\/njoylocation.com\/fr\/wp-json\/wp\/v2\/media\/1903"}],"wp:attachment":[{"href":"https:\/\/njoylocation.com\/fr\/wp-json\/wp\/v2\/media?parent=1909"}],"wp:term":[{"taxonomy":"product_brand","embeddable":true,"href":"https:\/\/njoylocation.com\/fr\/wp-json\/wp\/v2\/product_brand?post=1909"},{"taxonomy":"product_cat","embeddable":true,"href":"https:\/\/njoylocation.com\/fr\/wp-json\/wp\/v2\/product_cat?post=1909"},{"taxonomy":"product_tag","embeddable":true,"href":"https:\/\/njoylocation.com\/fr\/wp-json\/wp\/v2\/product_tag?post=1909"}],"curies":[{"name":"wp","href":"https:\/\/api.w.org\/{rel}","templated":true}]}}